{"id":10,"date":"2023-10-28T16:21:30","date_gmt":"2023-10-28T19:21:30","guid":{"rendered":"https:\/\/cienciapragente.com.br\/?page_id=10"},"modified":"2024-09-06T11:00:20","modified_gmt":"2024-09-06T14:00:20","slug":"sobre","status":"publish","type":"page","link":"https:\/\/cienciapragente.com.br\/index.php\/sobre\/","title":{"rendered":"Sobre o Projeto"},"content":{"rendered":"\t\t<div data-elementor-type=\"wp-page\" data-elementor-id=\"10\" class=\"elementor elementor-10\">\n\t\t\t\t\t\t\t<div class=\"elementor-element elementor-element-a85c92a e-flex e-con-boxed e-con e-parent\" data-id=\"a85c92a\" data-element_type=\"container\" data-settings=\"{&quot;content_width&quot;:&quot;boxed&quot;}\" data-core-v316-plus=\"true\">\n\t\t\t\t\t<div class=\"e-con-inner\">\n\t\t<div class=\"elementor-element elementor-element-46c6aba e-con-full e-flex e-con e-child\" data-id=\"46c6aba\" data-element_type=\"container\" data-settings=\"{&quot;content_width&quot;:&quot;full&quot;}\">\n\t\t\t\t<div class=\"elementor-element elementor-element-189112d elementor-widget elementor-widget-image\" data-id=\"189112d\" data-element_type=\"widget\" data-widget_type=\"image.default\">\n\t\t\t\t<div class=\"elementor-widget-container\">\n\t\t\t<style>\/*! elementor - v3.17.0 - 25-10-2023 *\/\n.elementor-widget-image{text-align:center}.elementor-widget-image a{display:inline-block}.elementor-widget-image a img[src$=\".svg\"]{width:48px}.elementor-widget-image img{vertical-align:middle;display:inline-block}<\/style>\t\t\t\t\t\t\t\t\t\t\t\t<img fetchpriority=\"high\" decoding=\"async\" width=\"420\" height=\"594\" src=\"https:\/\/cienciapragente.com.br\/wp-content\/uploads\/2023\/10\/WhatsApp_Image_2023-10-27_at_11.45.26-removebg-preview.png\" class=\"attachment-large size-large wp-image-81\" alt=\"\" \/>\t\t\t\t\t\t\t\t\t\t\t\t\t\t\t<\/div>\n\t\t\t\t<\/div>\n\t\t\t\t<\/div>\n\t\t<div class=\"elementor-element elementor-element-d4e53e7 e-con-full e-flex e-con e-child\" data-id=\"d4e53e7\" data-element_type=\"container\" data-settings=\"{&quot;content_width&quot;:&quot;full&quot;}\">\n\t\t\t\t<div class=\"elementor-element elementor-element-b4d3608 elementor-widget elementor-widget-text-editor\" data-id=\"b4d3608\" data-element_type=\"widget\" data-widget_type=\"text-editor.default\">\n\t\t\t\t<div class=\"elementor-widget-container\">\n\t\t\t<style>\/*! elementor - v3.17.0 - 25-10-2023 *\/\n.elementor-widget-text-editor.elementor-drop-cap-view-stacked .elementor-drop-cap{background-color:#69727d;color:#fff}.elementor-widget-text-editor.elementor-drop-cap-view-framed .elementor-drop-cap{color:#69727d;border:3px solid;background-color:transparent}.elementor-widget-text-editor:not(.elementor-drop-cap-view-default) .elementor-drop-cap{margin-top:8px}.elementor-widget-text-editor:not(.elementor-drop-cap-view-default) .elementor-drop-cap-letter{width:1em;height:1em}.elementor-widget-text-editor .elementor-drop-cap{float:left;text-align:center;line-height:1;font-size:50px}.elementor-widget-text-editor .elementor-drop-cap-letter{display:inline-block}<\/style>\t\t\t\t<p><strong>O projeto &#8220;Ci\u00eancia para Gente&#8221; \u00e9 uma iniciativa que visa aproximar a ci\u00eancia da popula\u00e7\u00e3o, educando e informando sobre a import\u00e2ncia da ci\u00eancia em nossas vidas. O projeto \u00e9 realizado por meio de parcerias entre institui\u00e7\u00f5es educacionais e se concentra em promover o conhecimento cient\u00edfico, trabalhar com escolas, professores e associa\u00e7\u00f5es, e estimular o interesse das pessoas em se envolverem na ci\u00eancia.<\/strong><\/p>\t\t\t\t\t\t<\/div>\n\t\t\t\t<\/div>\n\t\t\t\t<\/div>\n\t\t\t\t\t<\/div>\n\t\t\t\t<\/div>\n\t\t<div class=\"elementor-element elementor-element-ef45617 e-flex e-con-boxed e-con e-parent\" data-id=\"ef45617\" data-element_type=\"container\" data-settings=\"{&quot;content_width&quot;:&quot;boxed&quot;}\" data-core-v316-plus=\"true\">\n\t\t\t\t\t<div class=\"e-con-inner\">\n\t\t\t\t<div class=\"elementor-element elementor-element-9fbe631 elementor-widget elementor-widget-heading\" data-id=\"9fbe631\" data-element_type=\"widget\" data-widget_type=\"heading.default\">\n\t\t\t\t<div class=\"elementor-widget-container\">\n\t\t\t<style>\/*! elementor - v3.17.0 - 25-10-2023 *\/\n.elementor-heading-title{padding:0;margin:0;line-height:1}.elementor-widget-heading .elementor-heading-title[class*=elementor-size-]>a{color:inherit;font-size:inherit;line-height:inherit}.elementor-widget-heading .elementor-heading-title.elementor-size-small{font-size:15px}.elementor-widget-heading .elementor-heading-title.elementor-size-medium{font-size:19px}.elementor-widget-heading .elementor-heading-title.elementor-size-large{font-size:29px}.elementor-widget-heading .elementor-heading-title.elementor-size-xl{font-size:39px}.elementor-widget-heading .elementor-heading-title.elementor-size-xxl{font-size:59px}<\/style><h2 class=\"elementor-heading-title elementor-size-default\">Objetivos do Projeto<\/h2>\t\t<\/div>\n\t\t\t\t<\/div>\n\t\t\t\t\t<\/div>\n\t\t\t\t<\/div>\n\t\t<div class=\"elementor-element elementor-element-cc2ea0e e-flex e-con-boxed e-con e-parent\" data-id=\"cc2ea0e\" data-element_type=\"container\" data-settings=\"{&quot;content_width&quot;:&quot;boxed&quot;}\" data-core-v316-plus=\"true\">\n\t\t\t\t\t<div class=\"e-con-inner\">\n\t\t\t\t<div class=\"elementor-element elementor-element-92d1385 elementor-widget elementor-widget-text-editor\" data-id=\"92d1385\" data-element_type=\"widget\" data-widget_type=\"text-editor.default\">\n\t\t\t\t<div class=\"elementor-widget-container\">\n\t\t\t\t\t\t\t<ul><li aria-level=\"1\"><b>Esclarecer para as pessoas a import\u00e2ncia da ci\u00eancia em nosso dia a dia.<\/b><\/li><\/ul><ul><li aria-level=\"1\"><b>Trabalhar com escolas, professores e alunos para promover o interesse pela ci\u00eancia desde cedo.<\/b><\/li><\/ul><ul><li aria-level=\"1\"><b>Mostrar como a ci\u00eancia contribui para solucionar problemas e enfrentar desafios, como os relacionados \u00e0 pandemia.<\/b><\/li><\/ul><ul><li aria-level=\"1\"><b>Incentivar a participa\u00e7\u00e3o das pessoas na pesquisa cient\u00edfica e no desenvolvimento de solu\u00e7\u00f5es para problemas ambientais.<\/b><\/li><\/ul><ul><li aria-level=\"1\"><b>Conscientizar sobre a necessidade de reduzir o desperd\u00edcio, adotar pr\u00e1ticas sustent\u00e1veis e cuidar do meio ambiente.<\/b><\/li><\/ul><p><b>O projeto envolve atividades de educa\u00e7\u00e3o, divulga\u00e7\u00e3o cient\u00edfica e engajamento com a comunidade, e busca fortalecer a rela\u00e7\u00e3o entre a ci\u00eancia e a sociedade, mostrando como a ci\u00eancia \u00e9 essencial para o progresso e o bem-estar da humanidade.<\/b><\/p><p>\u00a0<\/p>\t\t\t\t\t\t<\/div>\n\t\t\t\t<\/div>\n\t\t\t\t\t<\/div>\n\t\t\t\t<\/div>\n\t\t<div class=\"elementor-element elementor-element-ef593d4 e-flex e-con-boxed e-con e-parent\" data-id=\"ef593d4\" data-element_type=\"container\" data-settings=\"{&quot;content_width&quot;:&quot;boxed&quot;}\" data-core-v316-plus=\"true\">\n\t\t\t\t\t<div class=\"e-con-inner\">\n\t\t\t\t<div class=\"elementor-element elementor-element-691f10c elementor-widget elementor-widget-video\" data-id=\"691f10c\" data-element_type=\"widget\" data-settings=\"{&quot;youtube_url&quot;:&quot;https:\\\/\\\/www.youtube.com\\\/watch?v=Zw8A_0DQyeU&quot;,&quot;video_type&quot;:&quot;youtube&quot;,&quot;controls&quot;:&quot;yes&quot;}\" data-widget_type=\"video.default\">\n\t\t\t\t<div class=\"elementor-widget-container\">\n\t\t\t<style>\/*! elementor - v3.17.0 - 25-10-2023 *\/\n.elementor-widget-video .elementor-widget-container{overflow:hidden;transform:translateZ(0)}.elementor-widget-video .elementor-wrapper{aspect-ratio:var(--video-aspect-ratio)}.elementor-widget-video .elementor-wrapper iframe,.elementor-widget-video .elementor-wrapper video{height:100%;width:100%;display:flex;border:none;background-color:#000}@supports not (aspect-ratio:1\/1){.elementor-widget-video .elementor-wrapper{position:relative;overflow:hidden;height:0;padding-bottom:calc(100% \/ var(--video-aspect-ratio))}.elementor-widget-video .elementor-wrapper iframe,.elementor-widget-video .elementor-wrapper video{position:absolute;top:0;right:0;bottom:0;left:0}}.elementor-widget-video .elementor-open-inline .elementor-custom-embed-image-overlay{position:absolute;top:0;right:0;bottom:0;left:0;background-size:cover;background-position:50%}.elementor-widget-video .elementor-custom-embed-image-overlay{cursor:pointer;text-align:center}.elementor-widget-video .elementor-custom-embed-image-overlay:hover .elementor-custom-embed-play i{opacity:1}.elementor-widget-video .elementor-custom-embed-image-overlay img{display:block;width:100%;aspect-ratio:var(--video-aspect-ratio);-o-object-fit:cover;object-fit:cover;-o-object-position:center center;object-position:center center}@supports not (aspect-ratio:1\/1){.elementor-widget-video .elementor-custom-embed-image-overlay{position:relative;overflow:hidden;height:0;padding-bottom:calc(100% \/ var(--video-aspect-ratio))}.elementor-widget-video .elementor-custom-embed-image-overlay img{position:absolute;top:0;right:0;bottom:0;left:0}}.elementor-widget-video .e-hosted-video .elementor-video{-o-object-fit:cover;object-fit:cover}.e-con-inner>.elementor-widget-video,.e-con>.elementor-widget-video{width:var(--container-widget-width);--flex-grow:var(--container-widget-flex-grow)}<\/style>\t\t<div class=\"elementor-wrapper elementor-open-inline\">\n\t\t\t<div class=\"elementor-video\"><\/div>\t\t<\/div>\n\t\t\t\t<\/div>\n\t\t\t\t<\/div>\n\t\t\t\t\t<\/div>\n\t\t\t\t<\/div>\n\t\t\t\t\t\t\t<\/div>\n\t\t","protected":false},"excerpt":{"rendered":"<p>O projeto &#8220;Ci\u00eancia para Gente&#8221; \u00e9 uma iniciativa que visa aproximar a ci\u00eancia da popula\u00e7\u00e3o, educando e informando sobre a import\u00e2ncia da ci\u00eancia em nossas vidas. O projeto \u00e9 realizado por meio de parcerias entre institui\u00e7\u00f5es educacionais e se concentra em promover o conhecimento cient\u00edfico, trabalhar com escolas, professores e associa\u00e7\u00f5es, e estimular o interesse [&hellip;]<\/p>\n","protected":false},"author":1,"featured_media":0,"parent":0,"menu_order":0,"comment_status":"closed","ping_status":"closed","template":"","meta":{"_eb_attr":"","footnotes":""},"_links":{"self":[{"href":"https:\/\/cienciapragente.com.br\/index.php\/wp-json\/wp\/v2\/pages\/10"}],"collection":[{"href":"https:\/\/cienciapragente.com.br\/index.php\/wp-json\/wp\/v2\/pages"}],"about":[{"href":"https:\/\/cienciapragente.com.br\/index.php\/wp-json\/wp\/v2\/types\/page"}],"author":[{"embeddable":true,"href":"https:\/\/cienciapragente.com.br\/index.php\/wp-json\/wp\/v2\/users\/1"}],"replies":[{"embeddable":true,"href":"https:\/\/cienciapragente.com.br\/index.php\/wp-json\/wp\/v2\/comments?post=10"}],"version-history":[{"count":13,"href":"https:\/\/cienciapragente.com.br\/index.php\/wp-json\/wp\/v2\/pages\/10\/revisions"}],"predecessor-version":[{"id":433,"href":"https:\/\/cienciapragente.com.br\/index.php\/wp-json\/wp\/v2\/pages\/10\/revisions\/433"}],"wp:attachment":[{"href":"https:\/\/cienciapragente.com.br\/index.php\/wp-json\/wp\/v2\/media?parent=10"}],"curies":[{"name":"wp","href":"https:\/\/api.w.org\/{rel}","templated":true}]}}